{"id":28,"date":"2025-12-21T17:23:25","date_gmt":"2025-12-21T20:23:25","guid":{"rendered":"http:\/\/helotec.com.br\/?page_id=28"},"modified":"2026-02-07T17:33:44","modified_gmt":"2026-02-07T20:33:44","slug":"sobre","status":"publish","type":"page","link":"https:\/\/helotec.com.br\/?page_id=28","title":{"rendered":"Servi\u00e7os"},"content":{"rendered":"\n<div class=\"wp-block-cover alignfull\" style=\"min-height:687px;aspect-ratio:unset;\"><span aria-hidden=\"true\" class=\"wp-block-cover__background has-nv-light-bg-background-color has-background-dim-100 has-background-dim\"><\/span><div class=\"wp-block-cover__inner-container is-layout-flow wp-block-cover-is-layout-flow\">\n<div class=\"wp-block-group\"><div class=\"wp-block-group__inner-container is-layout-flow wp-block-group-is-layout-flow\">\n<div class=\"wp-block-columns alignfull has-neve-text-color-color has-text-color is-layout-flex wp-container-core-columns-is-layout-9d6595d7 wp-block-columns-is-layout-flex\">\n<div class=\"wp-block-column is-vertically-aligned-bottom is-layout-flow wp-block-column-is-layout-flow\" style=\"padding-right:var(--wp--preset--spacing--30);padding-left:var(--wp--preset--spacing--30);flex-basis:50%\">\n<figure class=\"wp-block-image size-full has-custom-border\"><img fetchpriority=\"high\" decoding=\"async\" width=\"753\" height=\"691\" src=\"https:\/\/helotec.com.br\/wp-content\/uploads\/2026\/02\/Gemini_Generated_Image_fmm8myfmm8myfmm8-1.png\" alt=\"\" class=\"wp-image-291\" style=\"border-radius:16px;aspect-ratio:1.0897361774640173\" srcset=\"https:\/\/helotec.com.br\/wp-content\/uploads\/2026\/02\/Gemini_Generated_Image_fmm8myfmm8myfmm8-1.png 753w, https:\/\/helotec.com.br\/wp-content\/uploads\/2026\/02\/Gemini_Generated_Image_fmm8myfmm8myfmm8-1-300x275.png 300w\" sizes=\"(max-width: 753px) 100vw, 753px\" \/><\/figure>\n<\/div>\n\n\n\n<div class=\"wp-block-column is-vertically-aligned-center is-layout-flow wp-block-column-is-layout-flow\" style=\"padding-top:0;padding-right:var(--wp--preset--spacing--30);padding-bottom:0;padding-left:var(--wp--preset--spacing--30);flex-basis:50%\">\n<h2 class=\"wp-block-heading has-neve-text-color-color has-text-color\">\u26a0\ufe0f Sua Conta de \u00c1gua Veio Alta?<\/h2>\n\n\n\n<ul class=\"wp-block-list\">\n<li><strong>\ud83d\udca7 O aumento inesperado na sua conta de \u00e1gua<\/strong> \u00e9, muitas vezes, o primeiro grito de socorro de uma tubula\u00e7\u00e3o danificada. <strong>Vazamentos invis\u00edveis sob o solo ou dentro das paredes<\/strong> podem desperdi\u00e7ar volumes enormes de \u00e1gua silenciosamente. N\u00e3o deixe o seu dinheiro escorrer pelo ralo; identifique o problema antes que ele se torne uma reforma cara.<\/li>\n\n\n\n<li><strong>\u2696\ufe0f Laudo T\u00e9cnico para Contesta\u00e7\u00e3o de Fatura<\/strong> Recupere seu dinheiro com um documento oficial. Nosso laudo especializado permite pleitear um <strong>abatimento de at\u00e9 50%<\/strong> no valor das contas alteradas por vazamentos junto \u00e0 concession\u00e1ria.<\/li>\n<\/ul>\n\n\n\n<div class=\"wp-block-buttons alignwide has-custom-font-size has-small-font-size is-content-justification-center is-layout-flex wp-container-core-buttons-is-layout-16018d1d wp-block-buttons-is-layout-flex\">\n<div class=\"wp-block-button\"><a class=\"wp-block-button__link has-nv-text-dark-bg-color has-neve-link-color-background-color has-text-color has-background has-link-color has-custom-font-size wp-element-button\" href=\"https:\/\/api.whatsapp.com\/send?phone=11923661212&amp;text=Ol%C3%A1,%20encontrei%20voc%C3%AAs%20no%20Google.%20Gostaria%20de%20mais%20informa%C3%A7%C3%B5es!?https:\/\/api.whatsapp.com\/send?phone=11923661212&amp;text=Ol%C3%A1,%20encontrei%20voc%C3%AAs%20no%20Google.%20Gostaria%20de%20mais%20informa%C3%A7%C3%B5es!?\" style=\"font-size:16px\">Clique e Contrate nossos Servi\u00e7os !!!<\/a><\/div>\n<\/div>\n<\/div>\n<\/div>\n\n\n\n<div style=\"height:40px\" aria-hidden=\"true\" class=\"wp-block-spacer\"><\/div>\n<\/div><\/div>\n\n\n\n<div class=\"wp-block-columns alignfull are-vertically-aligned-center has-neve-text-color-color has-text-color is-layout-flex wp-container-core-columns-is-layout-9d6595d7 wp-block-columns-is-layout-flex\">\n<div class=\"wp-block-column is-vertically-aligned-center is-layout-flow wp-block-column-is-layout-flow\" style=\"padding-right:var(--wp--preset--spacing--30);padding-left:var(--wp--preset--spacing--30);flex-basis:50%\">\n<figure class=\"wp-block-image size-full has-custom-border\"><img decoding=\"async\" width=\"962\" height=\"758\" src=\"https:\/\/helotec.com.br\/wp-content\/uploads\/2026\/02\/APARTAMENTO-1.png\" alt=\"\" class=\"wp-image-339\" style=\"border-radius:16px;aspect-ratio:1.0897361774640173\" srcset=\"https:\/\/helotec.com.br\/wp-content\/uploads\/2026\/02\/APARTAMENTO-1.png 962w, https:\/\/helotec.com.br\/wp-content\/uploads\/2026\/02\/APARTAMENTO-1-300x236.png 300w, https:\/\/helotec.com.br\/wp-content\/uploads\/2026\/02\/APARTAMENTO-1-768x605.png 768w\" sizes=\"(max-width: 962px) 100vw, 962px\" \/><\/figure>\n<\/div>\n\n\n\n<div class=\"wp-block-column is-vertically-aligned-center is-layout-flow wp-block-column-is-layout-flow\" style=\"padding-top:0;padding-right:var(--wp--preset--spacing--30);padding-bottom:0;padding-left:var(--wp--preset--spacing--30);flex-basis:50%\">\n<p>&nbsp;<\/p>\n\n\n\n<h2 class=\"wp-block-heading has-neve-text-color-color has-text-color\">\ud83c\udfd7\ufe0f Diagn\u00f3stico Preciso para Condom\u00ednios e Apartamentos<\/h2>\n\n\n\n<ul class=\"wp-block-list\">\n<li>Somos especialistas nos desafios \u00fanicos da vida em condom\u00ednio. Entendemos que a detec\u00e7\u00e3o precisa n\u00e3o \u00e9 apenas uma quest\u00e3o de engenharia, mas de <strong>conviv\u00eancia e economia<\/strong>.<\/li>\n\n\n\n<li>\u2696\ufe0f Laudo T\u00e9cnico e Defini\u00e7\u00e3o de Responsabilidades &#8211; O primeiro passo para a solu\u00e7\u00e3o! Emitimos um laudo detalhado que comprova a origem exata do problema, essencial para definir se o reparo \u00e9 de responsabilidade do morador ou do condom\u00ednio, evitando conflitos e garantindo seguran\u00e7a jur\u00eddica.<\/li>\n\n\n\n<li>\ud83d\udca7 Infiltra\u00e7\u00e3o entre Apartamentos &#8211; Acabe com o &#8220;jogo de empurra&#8221; entre vizinhos. Determinamos com precis\u00e3o se a infiltra\u00e7\u00e3o no teto ou nas paredes vem do andar de cima, de \u00e1reas comuns ou de falhas de impermeabiliza\u00e7\u00e3o.<\/li>\n\n\n\n<li>\ud83d\udebf Vazamentos em Ramais (Rede Privativa) &#8211; Foco nas tubula\u00e7\u00f5es horizontais internas do seu im\u00f3vel. Localizamos o ponto exato do vazamento na cozinha, banheiros ou \u00e1rea de servi\u00e7o com zero quebra-quebra desnecess\u00e1rio.<\/li>\n\n\n\n<li>\ud83e\uddf1 Vazamentos em Colunas e Prumadas (Rede Comum) &#8211; Especialistas em identificar problemas nas tubula\u00e7\u00f5es verticais que interligam os andares. Nossa tecnologia permite encontrar a falha na coluna do pr\u00e9dio sem precisar abrir buracos em v\u00e1rios apartamentos.<\/li>\n<\/ul>\n\n\n\n<div class=\"wp-block-buttons alignwide has-custom-font-size has-small-font-size is-content-justification-center is-layout-flex wp-container-core-buttons-is-layout-16018d1d wp-block-buttons-is-layout-flex\">\n<div class=\"wp-block-button\"><a class=\"wp-block-button__link has-nv-text-dark-bg-color has-neve-link-color-background-color has-text-color has-background has-link-color has-custom-font-size wp-element-button\" href=\"https:\/\/api.whatsapp.com\/send?phone=11923661212&amp;text=Ol%C3%A1,%20encontrei%20voc%C3%AAs%20no%20Google.%20Gostaria%20de%20mais%20informa%C3%A7%C3%B5es!?https:\/\/api.whatsapp.com\/send?phone=11923661212&amp;text=Ol%C3%A1,%20encontrei%20voc%C3%AAs%20no%20Google.%20Gostaria%20de%20mais%20informa%C3%A7%C3%B5es!?\" style=\"font-size:16px\">Clique e Contrate nossos Servi\u00e7os !!!<\/a><\/div>\n<\/div>\n<\/div>\n<\/div>\n<\/div><\/div>\n\n\n\n<div class=\"wp-block-cover alignfull\" style=\"min-height:100vh;aspect-ratio:unset;\"><span aria-hidden=\"true\" class=\"wp-block-cover__background has-nv-dark-bg-background-color has-background-dim-100 has-background-dim\"><\/span><div class=\"wp-block-cover__inner-container is-layout-flow wp-block-cover-is-layout-flow\">\n<div class=\"wp-block-group\"><div class=\"wp-block-group__inner-container is-layout-flow wp-block-group-is-layout-flow\">\n<div class=\"wp-block-group\"><div class=\"wp-block-group__inner-container is-layout-constrained wp-block-group-is-layout-constrained\">\n<div class=\"wp-block-columns are-vertically-aligned-center is-layout-flex wp-container-core-columns-is-layout-9d6595d7 wp-block-columns-is-layout-flex\">\n<div class=\"wp-block-column is-vertically-aligned-center is-layout-flow wp-block-column-is-layout-flow\" style=\"padding-right:var(--wp--preset--spacing--30);padding-left:var(--wp--preset--spacing--30);flex-basis:50%\">\n<h2 class=\"wp-block-heading has-nv-text-dark-bg-color has-text-color\"><em><strong><mark style=\"background-color: rgba(0, 0, 0, 0);\"><mark style=\"background-color:rgba(0, 0, 0, 0)\" class=\"has-inline-color has-nv-site-bg-color\">Ca\u00e7a Vazamento Profissional<\/mark><\/mark><\/strong><\/em><\/h2>\n\n\n\n<div class=\"wp-block-buttons is-layout-flex wp-block-buttons-is-layout-flex\">\n<div class=\"wp-block-button\"><a class=\"wp-block-button__link has-nv-text-dark-bg-color has-neve-link-color-background-color has-text-color has-background has-link-color has-custom-font-size wp-element-button\" href=\"https:\/\/api.whatsapp.com\/send?phone=11923661212&amp;text=Ol%C3%A1,%20encontrei%20voc%C3%AAs%20no%20Google.%20Gostaria%20de%20mais%20informa%C3%A7%C3%B5es!?https:\/\/api.whatsapp.com\/send?phone=11923661212&amp;text=Ol%C3%A1,%20encontrei%20voc%C3%AAs%20no%20Google.%20Gostaria%20de%20mais%20informa%C3%A7%C3%B5es!?\" style=\"font-size:16px\">Apartir de R$ 139,99<\/a><\/div>\n\n\n\n<div class=\"wp-block-button\"><a class=\"wp-block-button__link has-nv-text-dark-bg-color has-neve-link-color-background-color has-text-color has-background has-link-color has-custom-font-size wp-element-button\" href=\"https:\/\/api.whatsapp.com\/send?phone=11923661212&amp;text=Ol%C3%A1,%20encontrei%20voc%C3%AAs%20no%20Google.%20Gostaria%20de%20mais%20informa%C3%A7%C3%B5es!?https:\/\/api.whatsapp.com\/send?phone=11923661212&amp;text=Ol%C3%A1,%20encontrei%20voc%C3%AAs%20no%20Google.%20Gostaria%20de%20mais%20informa%C3%A7%C3%B5es!?https:\/\/api.whatsapp.com\/send?phone=11923661212&amp;text=Ol%C3%A1,%20encontrei%20voc%C3%AAs%20no%20Google.%20Gostaria%20de%20mais%20informa%C3%A7%C3%B5es!?https:\/\/api.whatsapp.com\/send?phone=11923661212&amp;text=Ol%C3%A1,%20encontrei%20voc%C3%AAs%20no%20Google.%20Gostaria%20de%20mais%20informa%C3%A7%C3%B5es!?\" style=\"font-size:16px\">chegamos em 30 Minutos.<\/a><\/div>\n<\/div>\n\n\n\n<p>&nbsp;<\/p>\n\n\n\n<p><strong><mark style=\"background-color:rgba(0, 0, 0, 0)\" class=\"has-inline-color has-nv-light-bg-color\">Localiza\u00e7\u00e3o no ponto exato do vazamento com zero quebra-quebra. Utilizamos t\u00e9cnicas para reparar seu im\u00f3vel com precis\u00e3o cir\u00fargica evitando quebras desnecess\u00e1rias. <\/mark><\/strong><\/p>\n\n\n\n<p>&nbsp;<\/p>\n\n\n\n<div class=\"wp-block-buttons alignwide has-custom-font-size has-small-font-size is-content-justification-center is-layout-flex wp-container-core-buttons-is-layout-16018d1d wp-block-buttons-is-layout-flex\">\n<div class=\"wp-block-button\"><a class=\"wp-block-button__link has-nv-text-dark-bg-color has-neve-link-color-background-color has-text-color has-background has-link-color has-custom-font-size wp-element-button\" href=\"https:\/\/api.whatsapp.com\/send?phone=11923661212&amp;text=Ol%C3%A1,%20encontrei%20voc%C3%AAs%20no%20Google.%20Gostaria%20de%20mais%20informa%C3%A7%C3%B5es!?https:\/\/api.whatsapp.com\/send?phone=11923661212&amp;text=Ol%C3%A1,%20encontrei%20voc%C3%AAs%20no%20Google.%20Gostaria%20de%20mais%20informa%C3%A7%C3%B5es!?\" style=\"font-size:16px\">Contrate J\u00e1 nossos Servi\u00e7os !!!<\/a><\/div>\n<\/div>\n<\/div>\n\n\n\n<div class=\"wp-block-column is-vertically-aligned-center is-layout-flow wp-block-column-is-layout-flow\" style=\"padding-right:var(--wp--preset--spacing--30);padding-left:var(--wp--preset--spacing--30);flex-basis:50%\">\n<figure class=\"wp-block-image size-full has-custom-border\"><img decoding=\"async\" width=\"958\" height=\"757\" src=\"https:\/\/helotec.com.br\/wp-content\/uploads\/2026\/02\/Gemini_Generated_Image_tdce09tdce09tdce.png\" alt=\"\" class=\"wp-image-292\" style=\"border-radius:16px\" srcset=\"https:\/\/helotec.com.br\/wp-content\/uploads\/2026\/02\/Gemini_Generated_Image_tdce09tdce09tdce.png 958w, https:\/\/helotec.com.br\/wp-content\/uploads\/2026\/02\/Gemini_Generated_Image_tdce09tdce09tdce-300x237.png 300w, https:\/\/helotec.com.br\/wp-content\/uploads\/2026\/02\/Gemini_Generated_Image_tdce09tdce09tdce-768x607.png 768w\" sizes=\"(max-width: 958px) 100vw, 958px\" \/><\/figure>\n<\/div>\n<\/div>\n<\/div><\/div>\n<\/div><\/div>\n<\/div><\/div>\n\n\n\n<div class=\"wp-block-cover alignfull\" style=\"min-height:600px;aspect-ratio:unset;\"><span aria-hidden=\"true\" class=\"wp-block-cover__background has-nv-dark-bg-background-color has-background-dim-100 has-background-dim\"><\/span><div class=\"wp-block-cover__inner-container is-layout-flow wp-block-cover-is-layout-flow\">\n<div class=\"wp-block-group\"><div class=\"wp-block-group__inner-container is-layout-flow wp-block-group-is-layout-flow\">\n<div class=\"wp-block-columns are-vertically-aligned-center is-layout-flex wp-container-core-columns-is-layout-9d6595d7 wp-block-columns-is-layout-flex\">\n<div class=\"wp-block-column is-vertically-aligned-center is-layout-flow wp-block-column-is-layout-flow\" style=\"padding-right:var(--wp--preset--spacing--30);padding-left:var(--wp--preset--spacing--30);flex-basis:50%\">\n<h2 class=\"wp-block-heading has-nv-text-dark-bg-color has-text-color\">E<strong>mitimos um laudo t\u00e9cnico oficial<\/strong>, documento essencial para solicitar o abatimento de valores junto \u00e0 companhia de saneamento em caso de vazamentos confirmados.<\/h2>\n\n\n\n<div style=\"height:20px\" aria-hidden=\"true\" class=\"wp-block-spacer\"><\/div>\n\n\n\n<div class=\"wp-block-buttons has-custom-font-size has-small-font-size is-content-justification-left is-layout-flex wp-container-core-buttons-is-layout-fdcfc74e wp-block-buttons-is-layout-flex\">\n<div class=\"wp-block-button\"><a class=\"wp-block-button__link has-nv-text-dark-bg-color has-neve-link-color-background-color has-text-color has-background has-link-color has-custom-font-size wp-element-button\" href=\"https:\/\/api.whatsapp.com\/send?phone=11923661212&amp;text=Ol%C3%A1,%20encontrei%20voc%C3%AAs%20no%20Google.%20Gostaria%20de%20mais%20informa%C3%A7%C3%B5es!?https:\/\/api.whatsapp.com\/send?phone=11923661212&amp;text=Ol%C3%A1,%20encontrei%20voc%C3%AAs%20no%20Google.%20Gostaria%20de%20mais%20informa%C3%A7%C3%B5es!?\" style=\"font-size:16px\">COBRIMOS OR\u00c7AMENTO DA CONCORR\u00caNCIA<\/a><\/div>\n<\/div>\n\n\n\n<div style=\"height:20px\" aria-hidden=\"true\" class=\"wp-block-spacer\"><\/div>\n<\/div>\n\n\n\n<div class=\"wp-block-column is-vertically-aligned-center is-layout-flow wp-block-column-is-layout-flow\" style=\"padding-right:var(--wp--preset--spacing--30);padding-left:var(--wp--preset--spacing--30);flex-basis:50%\">\n<figure class=\"wp-block-image size-full has-custom-border\"><img loading=\"lazy\" decoding=\"async\" width=\"1024\" height=\"1024\" src=\"http:\/\/helotec.com.br\/wp-content\/uploads\/2025\/12\/laudo-sabesp.jpg\" alt=\"\" class=\"wp-image-176\" style=\"border-radius:16px\" srcset=\"https:\/\/helotec.com.br\/wp-content\/uploads\/2025\/12\/laudo-sabesp.jpg 1024w, https:\/\/helotec.com.br\/wp-content\/uploads\/2025\/12\/laudo-sabesp-300x300.jpg 300w, https:\/\/helotec.com.br\/wp-content\/uploads\/2025\/12\/laudo-sabesp-150x150.jpg 150w, https:\/\/helotec.com.br\/wp-content\/uploads\/2025\/12\/laudo-sabesp-768x768.jpg 768w\" sizes=\"(max-width: 1024px) 100vw, 1024px\" \/><\/figure>\n<\/div>\n<\/div>\n\n\n\n<div style=\"height:40px\" aria-hidden=\"true\" class=\"wp-block-spacer\"><\/div>\n<\/div><\/div>\n<\/div><\/div>\n\n\n\n<p>&nbsp;<\/p>\n","protected":false},"excerpt":{"rendered":"<p>&nbsp;<\/p>\n","protected":false},"author":1,"featured_media":0,"parent":0,"menu_order":0,"comment_status":"closed","ping_status":"closed","template":"","meta":{"neve_meta_sidebar":"","neve_meta_container":"","neve_meta_enable_content_width":"on","neve_meta_content_width":100,"neve_meta_title_alignment":"","neve_meta_author_avatar":"","neve_post_elements_order":"","neve_meta_disable_header":"","neve_meta_disable_footer":"","neve_meta_disable_title":"on","_joinchat":[],"footnotes":""},"class_list":["post-28","page","type-page","status-publish","hentry"],"yoast_head":"<!-- This site is optimized with the Yoast SEO plugin v26.6 - https:\/\/yoast.com\/wordpress\/plugins\/seo\/ -->\n<title>Servi\u00e7os - Ca\u00e7a Vazamento de \u00c1gua<\/title>\n<meta name=\"description\" content=\"Helotec empresa credenciada especialista em ca\u00e7a vazamento, cobrimos qualquer oferta e entregamos laudo para abater as contas!\" \/>\n<meta name=\"robots\" content=\"index, follow, max-snippet:-1, max-image-preview:large, max-video-preview:-1\" \/>\n<link rel=\"canonical\" href=\"https:\/\/helotec.com.br\/?page_id=28\" \/>\n<meta property=\"og:locale\" content=\"pt_BR\" \/>\n<meta property=\"og:type\" content=\"article\" \/>\n<meta property=\"og:title\" content=\"Servi\u00e7os - Ca\u00e7a Vazamento de \u00c1gua\" \/>\n<meta property=\"og:description\" content=\"Helotec empresa credenciada especialista em ca\u00e7a vazamento, cobrimos qualquer oferta e entregamos laudo para abater as contas!\" \/>\n<meta property=\"og:url\" content=\"https:\/\/helotec.com.br\/?page_id=28\" \/>\n<meta property=\"og:site_name\" content=\"Ca\u00e7a Vazamento de \u00c1gua\" \/>\n<meta property=\"article:modified_time\" content=\"2026-02-07T20:33:44+00:00\" \/>\n<meta property=\"og:image\" content=\"https:\/\/helotec.com.br\/wp-content\/uploads\/2026\/02\/Gemini_Generated_Image_fmm8myfmm8myfmm8-1.png\" \/>\n\t<meta property=\"og:image:width\" content=\"753\" \/>\n\t<meta property=\"og:image:height\" content=\"691\" \/>\n\t<meta property=\"og:image:type\" content=\"image\/png\" \/>\n<meta name=\"twitter:card\" content=\"summary_large_image\" \/>\n<meta name=\"twitter:label1\" content=\"Est. tempo de leitura\" \/>\n\t<meta name=\"twitter:data1\" content=\"3 minutos\" \/>\n<script type=\"application\/ld+json\" class=\"yoast-schema-graph\">{\"@context\":\"https:\/\/schema.org\",\"@graph\":[{\"@type\":\"WebPage\",\"@id\":\"https:\/\/helotec.com.br\/?page_id=28\",\"url\":\"https:\/\/helotec.com.br\/?page_id=28\",\"name\":\"Servi\u00e7os - Ca\u00e7a Vazamento de \u00c1gua\",\"isPartOf\":{\"@id\":\"https:\/\/helotec.com.br\/#website\"},\"primaryImageOfPage\":{\"@id\":\"https:\/\/helotec.com.br\/?page_id=28#primaryimage\"},\"image\":{\"@id\":\"https:\/\/helotec.com.br\/?page_id=28#primaryimage\"},\"thumbnailUrl\":\"https:\/\/helotec.com.br\/wp-content\/uploads\/2026\/02\/Gemini_Generated_Image_fmm8myfmm8myfmm8-1.png\",\"datePublished\":\"2025-12-21T20:23:25+00:00\",\"dateModified\":\"2026-02-07T20:33:44+00:00\",\"description\":\"Helotec empresa credenciada especialista em ca\u00e7a vazamento, cobrimos qualquer oferta e entregamos laudo para abater as contas!\",\"breadcrumb\":{\"@id\":\"https:\/\/helotec.com.br\/?page_id=28#breadcrumb\"},\"inLanguage\":\"pt-BR\",\"potentialAction\":[{\"@type\":\"ReadAction\",\"target\":[\"https:\/\/helotec.com.br\/?page_id=28\"]}]},{\"@type\":\"ImageObject\",\"inLanguage\":\"pt-BR\",\"@id\":\"https:\/\/helotec.com.br\/?page_id=28#primaryimage\",\"url\":\"https:\/\/helotec.com.br\/wp-content\/uploads\/2026\/02\/Gemini_Generated_Image_fmm8myfmm8myfmm8-1.png\",\"contentUrl\":\"https:\/\/helotec.com.br\/wp-content\/uploads\/2026\/02\/Gemini_Generated_Image_fmm8myfmm8myfmm8-1.png\",\"width\":753,\"height\":691},{\"@type\":\"BreadcrumbList\",\"@id\":\"https:\/\/helotec.com.br\/?page_id=28#breadcrumb\",\"itemListElement\":[{\"@type\":\"ListItem\",\"position\":1,\"name\":\"Home\",\"item\":\"https:\/\/helotec.com.br\/\"},{\"@type\":\"ListItem\",\"position\":2,\"name\":\"Servi\u00e7os\"}]},{\"@type\":\"WebSite\",\"@id\":\"https:\/\/helotec.com.br\/#website\",\"url\":\"https:\/\/helotec.com.br\/\",\"name\":\"Ca\u00e7a Vazamento de \u00c1gua\",\"description\":\"Na Helotec, a equipe utilizam tecnologia de ponta para encontrar e resolver problemas invis\u00edveis aos seus olhos. Oferecemos:  Localiza\u00e7\u00e3o Eletr\u00f4nica de Vazamentos: Encontramos o furo exato!  Fim das Infiltra\u00e7\u00f5es: Proteja sua estrutura e acabe com o mofo.  Rede Pressurizada: Tenha um banho de hotel com press\u00e3o ideal.  Instala\u00e7\u00e3o de Bloqueador de Ar: Pare de pagar pelo ar que passa pelo hidr\u00f4metro.  Manuten\u00e7\u00e3o Completa: Da v\u00e1lvula de reten\u00e7\u00e3o \u00e0 instala\u00e7\u00e3o de toda a rede.  N\u00e3o deixe para depois o que pode custar caro hoje. Chame a Helotec!\",\"potentialAction\":[{\"@type\":\"SearchAction\",\"target\":{\"@type\":\"EntryPoint\",\"urlTemplate\":\"https:\/\/helotec.com.br\/?s={search_term_string}\"},\"query-input\":{\"@type\":\"PropertyValueSpecification\",\"valueRequired\":true,\"valueName\":\"search_term_string\"}}],\"inLanguage\":\"pt-BR\"}]}<\/script>\n<!-- \/ Yoast SEO plugin. -->","yoast_head_json":{"title":"Servi\u00e7os - Ca\u00e7a Vazamento de \u00c1gua","description":"Helotec empresa credenciada especialista em ca\u00e7a vazamento, cobrimos qualquer oferta e entregamos laudo para abater as contas!","robots":{"index":"index","follow":"follow","max-snippet":"max-snippet:-1","max-image-preview":"max-image-preview:large","max-video-preview":"max-video-preview:-1"},"canonical":"https:\/\/helotec.com.br\/?page_id=28","og_locale":"pt_BR","og_type":"article","og_title":"Servi\u00e7os - Ca\u00e7a Vazamento de \u00c1gua","og_description":"Helotec empresa credenciada especialista em ca\u00e7a vazamento, cobrimos qualquer oferta e entregamos laudo para abater as contas!","og_url":"https:\/\/helotec.com.br\/?page_id=28","og_site_name":"Ca\u00e7a Vazamento de \u00c1gua","article_modified_time":"2026-02-07T20:33:44+00:00","og_image":[{"width":753,"height":691,"url":"https:\/\/helotec.com.br\/wp-content\/uploads\/2026\/02\/Gemini_Generated_Image_fmm8myfmm8myfmm8-1.png","type":"image\/png"}],"twitter_card":"summary_large_image","twitter_misc":{"Est. tempo de leitura":"3 minutos"},"schema":{"@context":"https:\/\/schema.org","@graph":[{"@type":"WebPage","@id":"https:\/\/helotec.com.br\/?page_id=28","url":"https:\/\/helotec.com.br\/?page_id=28","name":"Servi\u00e7os - Ca\u00e7a Vazamento de \u00c1gua","isPartOf":{"@id":"https:\/\/helotec.com.br\/#website"},"primaryImageOfPage":{"@id":"https:\/\/helotec.com.br\/?page_id=28#primaryimage"},"image":{"@id":"https:\/\/helotec.com.br\/?page_id=28#primaryimage"},"thumbnailUrl":"https:\/\/helotec.com.br\/wp-content\/uploads\/2026\/02\/Gemini_Generated_Image_fmm8myfmm8myfmm8-1.png","datePublished":"2025-12-21T20:23:25+00:00","dateModified":"2026-02-07T20:33:44+00:00","description":"Helotec empresa credenciada especialista em ca\u00e7a vazamento, cobrimos qualquer oferta e entregamos laudo para abater as contas!","breadcrumb":{"@id":"https:\/\/helotec.com.br\/?page_id=28#breadcrumb"},"inLanguage":"pt-BR","potentialAction":[{"@type":"ReadAction","target":["https:\/\/helotec.com.br\/?page_id=28"]}]},{"@type":"ImageObject","inLanguage":"pt-BR","@id":"https:\/\/helotec.com.br\/?page_id=28#primaryimage","url":"https:\/\/helotec.com.br\/wp-content\/uploads\/2026\/02\/Gemini_Generated_Image_fmm8myfmm8myfmm8-1.png","contentUrl":"https:\/\/helotec.com.br\/wp-content\/uploads\/2026\/02\/Gemini_Generated_Image_fmm8myfmm8myfmm8-1.png","width":753,"height":691},{"@type":"BreadcrumbList","@id":"https:\/\/helotec.com.br\/?page_id=28#breadcrumb","itemListElement":[{"@type":"ListItem","position":1,"name":"Home","item":"https:\/\/helotec.com.br\/"},{"@type":"ListItem","position":2,"name":"Servi\u00e7os"}]},{"@type":"WebSite","@id":"https:\/\/helotec.com.br\/#website","url":"https:\/\/helotec.com.br\/","name":"Ca\u00e7a Vazamento de \u00c1gua","description":"Na Helotec, a equipe utilizam tecnologia de ponta para encontrar e resolver problemas invis\u00edveis aos seus olhos. Oferecemos:  Localiza\u00e7\u00e3o Eletr\u00f4nica de Vazamentos: Encontramos o furo exato!  Fim das Infiltra\u00e7\u00f5es: Proteja sua estrutura e acabe com o mofo.  Rede Pressurizada: Tenha um banho de hotel com press\u00e3o ideal.  Instala\u00e7\u00e3o de Bloqueador de Ar: Pare de pagar pelo ar que passa pelo hidr\u00f4metro.  Manuten\u00e7\u00e3o Completa: Da v\u00e1lvula de reten\u00e7\u00e3o \u00e0 instala\u00e7\u00e3o de toda a rede.  N\u00e3o deixe para depois o que pode custar caro hoje. Chame a Helotec!","potentialAction":[{"@type":"SearchAction","target":{"@type":"EntryPoint","urlTemplate":"https:\/\/helotec.com.br\/?s={search_term_string}"},"query-input":{"@type":"PropertyValueSpecification","valueRequired":true,"valueName":"search_term_string"}}],"inLanguage":"pt-BR"}]}},"_links":{"self":[{"href":"https:\/\/helotec.com.br\/index.php?rest_route=\/wp\/v2\/pages\/28","targetHints":{"allow":["GET"]}}],"collection":[{"href":"https:\/\/helotec.com.br\/index.php?rest_route=\/wp\/v2\/pages"}],"about":[{"href":"https:\/\/helotec.com.br\/index.php?rest_route=\/wp\/v2\/types\/page"}],"author":[{"embeddable":true,"href":"https:\/\/helotec.com.br\/index.php?rest_route=\/wp\/v2\/users\/1"}],"replies":[{"embeddable":true,"href":"https:\/\/helotec.com.br\/index.php?rest_route=%2Fwp%2Fv2%2Fcomments&post=28"}],"version-history":[{"count":60,"href":"https:\/\/helotec.com.br\/index.php?rest_route=\/wp\/v2\/pages\/28\/revisions"}],"predecessor-version":[{"id":366,"href":"https:\/\/helotec.com.br\/index.php?rest_route=\/wp\/v2\/pages\/28\/revisions\/366"}],"wp:attachment":[{"href":"https:\/\/helotec.com.br\/index.php?rest_route=%2Fwp%2Fv2%2Fmedia&parent=28"}],"curies":[{"name":"wp","href":"https:\/\/api.w.org\/{rel}","templated":true}]}}