{"id":29,"date":"2025-12-21T17:23:25","date_gmt":"2025-12-21T20:23:25","guid":{"rendered":"http:\/\/helotec.com.br\/?page_id=29"},"modified":"2026-02-07T14:06:41","modified_gmt":"2026-02-07T17:06:41","slug":"contrate-caca-vazamento","status":"publish","type":"page","link":"https:\/\/helotec.com.br\/?page_id=29","title":{"rendered":"Contato"},"content":{"rendered":"\n<p class=\"has-text-align-center has-neve-text-color-color has-text-color\" style=\"font-size:15px\"><strong>Atendimento r\u00e1pido e eficiente!<\/strong><br>Chegamos em seu im\u00f3vel em at\u00e9 <strong>30 minutos<\/strong>.<br>Tecnologia sem quebra-quebra, economia de \u00e1gua e solu\u00e7\u00e3o imediata.<br><strong>\ud83d\udcde Entre em contato agora!<\/strong><\/p>\n\n\n\n<div class=\"wp-block-cover alignfull\" style=\"min-height:420px;aspect-ratio:unset;\"><img fetchpriority=\"high\" decoding=\"async\" width=\"1024\" height=\"747\" class=\"wp-block-cover__image-background wp-image-84 size-large\" alt=\"Chegamos em sua Residencia em at\u00e9 30 miutos\" src=\"http:\/\/helotec.com.br\/wp-content\/uploads\/2025\/12\/Gemini_Generated_Image_hbjzzhhbjzzhhbjz-1024x747.png\" data-object-fit=\"cover\" srcset=\"https:\/\/helotec.com.br\/wp-content\/uploads\/2025\/12\/Gemini_Generated_Image_hbjzzhhbjzzhhbjz-1024x747.png 1024w, https:\/\/helotec.com.br\/wp-content\/uploads\/2025\/12\/Gemini_Generated_Image_hbjzzhhbjzzhhbjz-300x219.png 300w, https:\/\/helotec.com.br\/wp-content\/uploads\/2025\/12\/Gemini_Generated_Image_hbjzzhhbjzzhhbjz-768x560.png 768w, https:\/\/helotec.com.br\/wp-content\/uploads\/2025\/12\/Gemini_Generated_Image_hbjzzhhbjzzhhbjz.png 1184w\" sizes=\"(max-width: 1024px) 100vw, 1024px\" \/><span aria-hidden=\"true\" class=\"wp-block-cover__background has-nv-light-bg-background-color has-background-dim\"><\/span><div class=\"wp-block-cover__inner-container is-layout-flow wp-block-cover-is-layout-flow\">\n<div class=\"wp-block-columns is-layout-flex wp-container-core-columns-is-layout-9d6595d7 wp-block-columns-is-layout-flex\">\n<div class=\"wp-block-column ticss-4ce656f1 is-layout-flow wp-block-column-is-layout-flow\" style=\"padding-right:var(--wp--preset--spacing--30);padding-left:var(--wp--preset--spacing--30)\">\n<div class=\"wp-block-group has-nv-site-bg-background-color has-background\" style=\"border-radius:24px\"><div class=\"wp-block-group__inner-container is-layout-flow wp-block-group-is-layout-flow\">\n<div style=\"height:24px\" aria-hidden=\"true\" class=\"wp-block-spacer\"><\/div>\n\n\n<div class=\"wp-block-image icon-style is-style-default\">\n<figure class=\"aligncenter size-full\"><img decoding=\"async\" src=\"http:\/\/helotec.com.br\/wp-content\/themes\/neve\/assets\/img\/starter-content\/neve-marketing-icon-7.png\" alt=\"\"\/><\/figure>\n<\/div>\n\n\n<div style=\"height:24px\" aria-hidden=\"true\" class=\"wp-block-spacer\"><\/div>\n\n\n\n<h3 class=\"wp-block-heading has-text-align-center has-neve-text-color-color has-text-color\">Telefone \/ WhatsApp<\/h3>\n\n\n\n<div class=\"wp-block-buttons is-content-justification-center is-layout-flex wp-container-core-buttons-is-layout-16018d1d wp-block-buttons-is-layout-flex\">\n<div class=\"wp-block-button\"><a class=\"wp-block-button__link has-neve-text-color-color has-text-color has-custom-font-size wp-element-button\" href=\"https:\/\/api.whatsapp.com\/send?phone=11923661212&amp;text=Ol%C3%A1,%20encontrei%20voc%C3%AAs%20no%20Google.%20Gostaria%20de%20mais%20informa%C3%A7%C3%B5es!?https:\/\/api.whatsapp.com\/send?phone=11923661212&amp;text=Ol%C3%A1,%20encontrei%20voc%C3%AAs%20no%20Google.%20Gostaria%20de%20mais%20informa%C3%A7%C3%B5es!?\" style=\"font-size:15px\"><strong><mark style=\"background-color:rgba(0, 0, 0, 0)\" class=\"has-inline-color has-nv-site-bg-color\">(11) 92366-1212<\/mark><\/strong><\/a><\/div>\n<\/div>\n\n\n\n<p class=\"has-text-align-center has-neve-text-color-color has-text-color\" style=\"font-size:15px\">Agendamento Via WhatsApp<\/p>\n\n\n\n<div style=\"height:24px\" aria-hidden=\"true\" class=\"wp-block-spacer\"><\/div>\n<\/div><\/div>\n<\/div>\n\n\n\n<div class=\"wp-block-column ticss-f6fc7494 is-layout-flow wp-block-column-is-layout-flow\" style=\"padding-right:var(--wp--preset--spacing--30);padding-left:var(--wp--preset--spacing--30)\">\n<div class=\"wp-block-group has-nv-site-bg-background-color has-background\" style=\"border-radius:24px\"><div class=\"wp-block-group__inner-container is-layout-flow wp-block-group-is-layout-flow\">\n<div style=\"height:24px\" aria-hidden=\"true\" class=\"wp-block-spacer\"><\/div>\n\n\n\n<figure class=\"wp-block-image size-large\"><a href=\"https:\/\/api.whatsapp.com\/send?phone=11923661212&amp;text=Ol%C3%A1,%20encontrei%20voc%C3%AAs%20no%20Google.%20Gostaria%20de%20mais%20informa%C3%A7%C3%B5es!?https:\/\/api.whatsapp.com\/send?phone=11923661212&amp;text=Ol%C3%A1,%20encontrei%20voc%C3%AAs%20no%20Google.%20Gostaria%20de%20mais%20informa%C3%A7%C3%B5es!?\"><img decoding=\"async\" width=\"1024\" height=\"747\" src=\"http:\/\/helotec.com.br\/wp-content\/uploads\/2025\/12\/Gemini_Generated_Image_a4fwhba4fwhba4fw-1-1024x747.png\" alt=\"\" class=\"wp-image-77\" srcset=\"https:\/\/helotec.com.br\/wp-content\/uploads\/2025\/12\/Gemini_Generated_Image_a4fwhba4fwhba4fw-1-1024x747.png 1024w, https:\/\/helotec.com.br\/wp-content\/uploads\/2025\/12\/Gemini_Generated_Image_a4fwhba4fwhba4fw-1-300x219.png 300w, https:\/\/helotec.com.br\/wp-content\/uploads\/2025\/12\/Gemini_Generated_Image_a4fwhba4fwhba4fw-1-768x560.png 768w, https:\/\/helotec.com.br\/wp-content\/uploads\/2025\/12\/Gemini_Generated_Image_a4fwhba4fwhba4fw-1.png 1184w\" sizes=\"(max-width: 1024px) 100vw, 1024px\" \/><\/a><\/figure>\n\n\n\n<div style=\"height:24px\" aria-hidden=\"true\" class=\"wp-block-spacer\"><\/div>\n<\/div><\/div>\n<\/div>\n\n\n\n<div class=\"wp-block-column ticss-a5b4df29 is-layout-flow wp-block-column-is-layout-flow\" style=\"padding-right:var(--wp--preset--spacing--30);padding-left:var(--wp--preset--spacing--30)\">\n<div class=\"wp-block-group has-nv-site-bg-background-color has-background\" style=\"border-radius:24px\"><div class=\"wp-block-group__inner-container is-layout-flow wp-block-group-is-layout-flow\">\n<div style=\"height:24px\" aria-hidden=\"true\" class=\"wp-block-spacer\"><\/div>\n\n\n<div class=\"wp-block-image icon-style is-style-default\">\n<figure class=\"aligncenter size-full\"><img decoding=\"async\" src=\"http:\/\/helotec.com.br\/wp-content\/themes\/neve\/assets\/img\/starter-content\/neve-marketing-icon-5.png\" alt=\"\"\/><\/figure>\n<\/div>\n\n\n<h3 class=\"wp-block-heading has-text-align-center has-neve-text-color-color has-text-color\">Email<\/h3>\n\n\n\n<p class=\"has-text-align-center has-neve-text-color-color has-text-color\" style=\"font-size:15px\">helotecv@gmail.com<\/p>\n\n\n\n<p class=\"has-text-align-center\"><mark style=\"background-color:rgba(0, 0, 0, 0)\" class=\"has-inline-color has-neve-link-hover-color-color\">Atendimento 24h | Segunda a Domingo<\/mark><\/p>\n\n\n\n<p class=\"has-text-align-center\"><\/p>\n<\/div><\/div>\n<\/div>\n<\/div>\n\n\n\n<div style=\"height:30px\" aria-hidden=\"true\" class=\"wp-block-spacer\"><\/div>\n<\/div><\/div>\n","protected":false},"excerpt":{"rendered":"<p>Atendimento r\u00e1pido e eficiente!Chegamos em seu im\u00f3vel em at\u00e9 30 minutos.Tecnologia sem quebra-quebra, economia de \u00e1gua e solu\u00e7\u00e3o imediata.\ud83d\udcde Entre em contato agora!<\/p>\n","protected":false},"author":1,"featured_media":0,"parent":0,"menu_order":1,"comment_status":"closed","ping_status":"closed","template":"","meta":{"neve_meta_sidebar":"","neve_meta_container":"","neve_meta_enable_content_width":"on","neve_meta_content_width":100,"neve_meta_title_alignment":"","neve_meta_author_avatar":"","neve_post_elements_order":"","neve_meta_disable_header":"","neve_meta_disable_footer":"","neve_meta_disable_title":"on","_joinchat":[],"footnotes":""},"class_list":["post-29","page","type-page","status-publish","hentry"],"yoast_head":"<!-- This site is optimized with the Yoast SEO plugin v26.6 - https:\/\/yoast.com\/wordpress\/plugins\/seo\/ -->\n<title>Contato - Ca\u00e7a Vazamento de \u00c1gua<\/title>\n<meta name=\"description\" content=\"N\u00e3o deixe o preju\u00edzo aumentar. Somos especialistas em identificar e resolver problemas hidr\u00e1ulicos com precis\u00e3o e rapidez.Ca\u00e7a-Vazamento Digital: Localizamos o ponto exato sem quebrar tudo.Infiltra\u00e7\u00f5es: Solu\u00e7\u00f5es definitivas para umidade em paredes e lajes.Piscinas: Identificamos vazamentos estruturais e em tubula\u00e7\u00f5es.Limpeza de Caixa d&#039;\u00c1gua: Higieniza\u00e7\u00e3o completa para a sa\u00fade da sua fam\u00edlia.Reparos em Geral: Consertos imediatos com garantia. \ud83d\udccd Atendimento em todo o Brasil \u2013 O mais r\u00e1pido do mercado!\" \/>\n<meta name=\"robots\" content=\"index, follow, max-snippet:-1, max-image-preview:large, max-video-preview:-1\" \/>\n<link rel=\"canonical\" href=\"https:\/\/helotec.com.br\/?page_id=29\" \/>\n<meta property=\"og:locale\" content=\"pt_BR\" \/>\n<meta property=\"og:type\" content=\"article\" \/>\n<meta property=\"og:title\" content=\"Contato - Ca\u00e7a Vazamento de \u00c1gua\" \/>\n<meta property=\"og:description\" content=\"N\u00e3o deixe o preju\u00edzo aumentar. Somos especialistas em identificar e resolver problemas hidr\u00e1ulicos com precis\u00e3o e rapidez.Ca\u00e7a-Vazamento Digital: Localizamos o ponto exato sem quebrar tudo.Infiltra\u00e7\u00f5es: Solu\u00e7\u00f5es definitivas para umidade em paredes e lajes.Piscinas: Identificamos vazamentos estruturais e em tubula\u00e7\u00f5es.Limpeza de Caixa d&#039;\u00c1gua: Higieniza\u00e7\u00e3o completa para a sa\u00fade da sua fam\u00edlia.Reparos em Geral: Consertos imediatos com garantia. \ud83d\udccd Atendimento em todo o Brasil \u2013 O mais r\u00e1pido do mercado!\" \/>\n<meta property=\"og:url\" content=\"https:\/\/helotec.com.br\/?page_id=29\" \/>\n<meta property=\"og:site_name\" content=\"Ca\u00e7a Vazamento de \u00c1gua\" \/>\n<meta property=\"article:modified_time\" content=\"2026-02-07T17:06:41+00:00\" \/>\n<meta property=\"og:image\" content=\"https:\/\/helotec.com.br\/wp-content\/uploads\/2025\/12\/Gemini_Generated_Image_hbjzzhhbjzzhhbjz.png\" \/>\n\t<meta property=\"og:image:width\" content=\"1184\" \/>\n\t<meta property=\"og:image:height\" content=\"864\" \/>\n\t<meta property=\"og:image:type\" content=\"image\/png\" \/>\n<meta name=\"twitter:card\" content=\"summary_large_image\" \/>\n<meta name=\"twitter:label1\" content=\"Est. tempo de leitura\" \/>\n\t<meta name=\"twitter:data1\" content=\"2 minutos\" \/>\n<script type=\"application\/ld+json\" class=\"yoast-schema-graph\">{\"@context\":\"https:\/\/schema.org\",\"@graph\":[{\"@type\":\"WebPage\",\"@id\":\"https:\/\/helotec.com.br\/?page_id=29\",\"url\":\"https:\/\/helotec.com.br\/?page_id=29\",\"name\":\"Contato - Ca\u00e7a Vazamento de \u00c1gua\",\"isPartOf\":{\"@id\":\"https:\/\/helotec.com.br\/#website\"},\"primaryImageOfPage\":{\"@id\":\"https:\/\/helotec.com.br\/?page_id=29#primaryimage\"},\"image\":{\"@id\":\"https:\/\/helotec.com.br\/?page_id=29#primaryimage\"},\"thumbnailUrl\":\"http:\/\/helotec.com.br\/wp-content\/uploads\/2025\/12\/Gemini_Generated_Image_hbjzzhhbjzzhhbjz-1024x747.png\",\"datePublished\":\"2025-12-21T20:23:25+00:00\",\"dateModified\":\"2026-02-07T17:06:41+00:00\",\"description\":\"N\u00e3o deixe o preju\u00edzo aumentar. Somos especialistas em identificar e resolver problemas hidr\u00e1ulicos com precis\u00e3o e rapidez.Ca\u00e7a-Vazamento Digital: Localizamos o ponto exato sem quebrar tudo.Infiltra\u00e7\u00f5es: Solu\u00e7\u00f5es definitivas para umidade em paredes e lajes.Piscinas: Identificamos vazamentos estruturais e em tubula\u00e7\u00f5es.Limpeza de Caixa d'\u00c1gua: Higieniza\u00e7\u00e3o completa para a sa\u00fade da sua fam\u00edlia.Reparos em Geral: Consertos imediatos com garantia. \ud83d\udccd Atendimento em todo o Brasil \u2013 O mais r\u00e1pido do mercado!\",\"breadcrumb\":{\"@id\":\"https:\/\/helotec.com.br\/?page_id=29#breadcrumb\"},\"inLanguage\":\"pt-BR\",\"potentialAction\":[{\"@type\":\"ReadAction\",\"target\":[\"https:\/\/helotec.com.br\/?page_id=29\"]}]},{\"@type\":\"ImageObject\",\"inLanguage\":\"pt-BR\",\"@id\":\"https:\/\/helotec.com.br\/?page_id=29#primaryimage\",\"url\":\"https:\/\/helotec.com.br\/wp-content\/uploads\/2025\/12\/Gemini_Generated_Image_hbjzzhhbjzzhhbjz.png\",\"contentUrl\":\"https:\/\/helotec.com.br\/wp-content\/uploads\/2025\/12\/Gemini_Generated_Image_hbjzzhhbjzzhhbjz.png\",\"width\":1184,\"height\":864,\"caption\":\"Chegamos em sua Residencia em at\u00e9 30 miutos\"},{\"@type\":\"BreadcrumbList\",\"@id\":\"https:\/\/helotec.com.br\/?page_id=29#breadcrumb\",\"itemListElement\":[{\"@type\":\"ListItem\",\"position\":1,\"name\":\"Home\",\"item\":\"https:\/\/helotec.com.br\/\"},{\"@type\":\"ListItem\",\"position\":2,\"name\":\"Contato\"}]},{\"@type\":\"WebSite\",\"@id\":\"https:\/\/helotec.com.br\/#website\",\"url\":\"https:\/\/helotec.com.br\/\",\"name\":\"Ca\u00e7a Vazamento de \u00c1gua\",\"description\":\"Na Helotec, a equipe utilizam tecnologia de ponta para encontrar e resolver problemas invis\u00edveis aos seus olhos. Oferecemos:  Localiza\u00e7\u00e3o Eletr\u00f4nica de Vazamentos: Encontramos o furo exato!  Fim das Infiltra\u00e7\u00f5es: Proteja sua estrutura e acabe com o mofo.  Rede Pressurizada: Tenha um banho de hotel com press\u00e3o ideal.  Instala\u00e7\u00e3o de Bloqueador de Ar: Pare de pagar pelo ar que passa pelo hidr\u00f4metro.  Manuten\u00e7\u00e3o Completa: Da v\u00e1lvula de reten\u00e7\u00e3o \u00e0 instala\u00e7\u00e3o de toda a rede.  N\u00e3o deixe para depois o que pode custar caro hoje. Chame a Helotec!\",\"potentialAction\":[{\"@type\":\"SearchAction\",\"target\":{\"@type\":\"EntryPoint\",\"urlTemplate\":\"https:\/\/helotec.com.br\/?s={search_term_string}\"},\"query-input\":{\"@type\":\"PropertyValueSpecification\",\"valueRequired\":true,\"valueName\":\"search_term_string\"}}],\"inLanguage\":\"pt-BR\"}]}<\/script>\n<!-- \/ Yoast SEO plugin. -->","yoast_head_json":{"title":"Contato - Ca\u00e7a Vazamento de \u00c1gua","description":"N\u00e3o deixe o preju\u00edzo aumentar. Somos especialistas em identificar e resolver problemas hidr\u00e1ulicos com precis\u00e3o e rapidez.Ca\u00e7a-Vazamento Digital: Localizamos o ponto exato sem quebrar tudo.Infiltra\u00e7\u00f5es: Solu\u00e7\u00f5es definitivas para umidade em paredes e lajes.Piscinas: Identificamos vazamentos estruturais e em tubula\u00e7\u00f5es.Limpeza de Caixa d'\u00c1gua: Higieniza\u00e7\u00e3o completa para a sa\u00fade da sua fam\u00edlia.Reparos em Geral: Consertos imediatos com garantia. \ud83d\udccd Atendimento em todo o Brasil \u2013 O mais r\u00e1pido do mercado!","robots":{"index":"index","follow":"follow","max-snippet":"max-snippet:-1","max-image-preview":"max-image-preview:large","max-video-preview":"max-video-preview:-1"},"canonical":"https:\/\/helotec.com.br\/?page_id=29","og_locale":"pt_BR","og_type":"article","og_title":"Contato - Ca\u00e7a Vazamento de \u00c1gua","og_description":"N\u00e3o deixe o preju\u00edzo aumentar. Somos especialistas em identificar e resolver problemas hidr\u00e1ulicos com precis\u00e3o e rapidez.Ca\u00e7a-Vazamento Digital: Localizamos o ponto exato sem quebrar tudo.Infiltra\u00e7\u00f5es: Solu\u00e7\u00f5es definitivas para umidade em paredes e lajes.Piscinas: Identificamos vazamentos estruturais e em tubula\u00e7\u00f5es.Limpeza de Caixa d'\u00c1gua: Higieniza\u00e7\u00e3o completa para a sa\u00fade da sua fam\u00edlia.Reparos em Geral: Consertos imediatos com garantia. \ud83d\udccd Atendimento em todo o Brasil \u2013 O mais r\u00e1pido do mercado!","og_url":"https:\/\/helotec.com.br\/?page_id=29","og_site_name":"Ca\u00e7a Vazamento de \u00c1gua","article_modified_time":"2026-02-07T17:06:41+00:00","og_image":[{"width":1184,"height":864,"url":"https:\/\/helotec.com.br\/wp-content\/uploads\/2025\/12\/Gemini_Generated_Image_hbjzzhhbjzzhhbjz.png","type":"image\/png"}],"twitter_card":"summary_large_image","twitter_misc":{"Est. tempo de leitura":"2 minutos"},"schema":{"@context":"https:\/\/schema.org","@graph":[{"@type":"WebPage","@id":"https:\/\/helotec.com.br\/?page_id=29","url":"https:\/\/helotec.com.br\/?page_id=29","name":"Contato - Ca\u00e7a Vazamento de \u00c1gua","isPartOf":{"@id":"https:\/\/helotec.com.br\/#website"},"primaryImageOfPage":{"@id":"https:\/\/helotec.com.br\/?page_id=29#primaryimage"},"image":{"@id":"https:\/\/helotec.com.br\/?page_id=29#primaryimage"},"thumbnailUrl":"http:\/\/helotec.com.br\/wp-content\/uploads\/2025\/12\/Gemini_Generated_Image_hbjzzhhbjzzhhbjz-1024x747.png","datePublished":"2025-12-21T20:23:25+00:00","dateModified":"2026-02-07T17:06:41+00:00","description":"N\u00e3o deixe o preju\u00edzo aumentar. Somos especialistas em identificar e resolver problemas hidr\u00e1ulicos com precis\u00e3o e rapidez.Ca\u00e7a-Vazamento Digital: Localizamos o ponto exato sem quebrar tudo.Infiltra\u00e7\u00f5es: Solu\u00e7\u00f5es definitivas para umidade em paredes e lajes.Piscinas: Identificamos vazamentos estruturais e em tubula\u00e7\u00f5es.Limpeza de Caixa d'\u00c1gua: Higieniza\u00e7\u00e3o completa para a sa\u00fade da sua fam\u00edlia.Reparos em Geral: Consertos imediatos com garantia. \ud83d\udccd Atendimento em todo o Brasil \u2013 O mais r\u00e1pido do mercado!","breadcrumb":{"@id":"https:\/\/helotec.com.br\/?page_id=29#breadcrumb"},"inLanguage":"pt-BR","potentialAction":[{"@type":"ReadAction","target":["https:\/\/helotec.com.br\/?page_id=29"]}]},{"@type":"ImageObject","inLanguage":"pt-BR","@id":"https:\/\/helotec.com.br\/?page_id=29#primaryimage","url":"https:\/\/helotec.com.br\/wp-content\/uploads\/2025\/12\/Gemini_Generated_Image_hbjzzhhbjzzhhbjz.png","contentUrl":"https:\/\/helotec.com.br\/wp-content\/uploads\/2025\/12\/Gemini_Generated_Image_hbjzzhhbjzzhhbjz.png","width":1184,"height":864,"caption":"Chegamos em sua Residencia em at\u00e9 30 miutos"},{"@type":"BreadcrumbList","@id":"https:\/\/helotec.com.br\/?page_id=29#breadcrumb","itemListElement":[{"@type":"ListItem","position":1,"name":"Home","item":"https:\/\/helotec.com.br\/"},{"@type":"ListItem","position":2,"name":"Contato"}]},{"@type":"WebSite","@id":"https:\/\/helotec.com.br\/#website","url":"https:\/\/helotec.com.br\/","name":"Ca\u00e7a Vazamento de \u00c1gua","description":"Na Helotec, a equipe utilizam tecnologia de ponta para encontrar e resolver problemas invis\u00edveis aos seus olhos. Oferecemos:  Localiza\u00e7\u00e3o Eletr\u00f4nica de Vazamentos: Encontramos o furo exato!  Fim das Infiltra\u00e7\u00f5es: Proteja sua estrutura e acabe com o mofo.  Rede Pressurizada: Tenha um banho de hotel com press\u00e3o ideal.  Instala\u00e7\u00e3o de Bloqueador de Ar: Pare de pagar pelo ar que passa pelo hidr\u00f4metro.  Manuten\u00e7\u00e3o Completa: Da v\u00e1lvula de reten\u00e7\u00e3o \u00e0 instala\u00e7\u00e3o de toda a rede.  N\u00e3o deixe para depois o que pode custar caro hoje. Chame a Helotec!","potentialAction":[{"@type":"SearchAction","target":{"@type":"EntryPoint","urlTemplate":"https:\/\/helotec.com.br\/?s={search_term_string}"},"query-input":{"@type":"PropertyValueSpecification","valueRequired":true,"valueName":"search_term_string"}}],"inLanguage":"pt-BR"}]}},"_links":{"self":[{"href":"https:\/\/helotec.com.br\/index.php?rest_route=\/wp\/v2\/pages\/29","targetHints":{"allow":["GET"]}}],"collection":[{"href":"https:\/\/helotec.com.br\/index.php?rest_route=\/wp\/v2\/pages"}],"about":[{"href":"https:\/\/helotec.com.br\/index.php?rest_route=\/wp\/v2\/types\/page"}],"author":[{"embeddable":true,"href":"https:\/\/helotec.com.br\/index.php?rest_route=\/wp\/v2\/users\/1"}],"replies":[{"embeddable":true,"href":"https:\/\/helotec.com.br\/index.php?rest_route=%2Fwp%2Fv2%2Fcomments&post=29"}],"version-history":[{"count":26,"href":"https:\/\/helotec.com.br\/index.php?rest_route=\/wp\/v2\/pages\/29\/revisions"}],"predecessor-version":[{"id":299,"href":"https:\/\/helotec.com.br\/index.php?rest_route=\/wp\/v2\/pages\/29\/revisions\/299"}],"wp:attachment":[{"href":"https:\/\/helotec.com.br\/index.php?rest_route=%2Fwp%2Fv2%2Fmedia&parent=29"}],"curies":[{"name":"wp","href":"https:\/\/api.w.org\/{rel}","templated":true}]}}